{"id":363,"date":"2025-11-30T18:00:28","date_gmt":"2025-11-30T17:00:28","guid":{"rendered":"https:\/\/sunkate.webd.pro\/?page_id=363"},"modified":"2025-12-03T20:52:56","modified_gmt":"2025-12-03T19:52:56","slug":"z-biegiem-lat-nasza-sciezka-zyczliwosci","status":"publish","type":"page","link":"https:\/\/kuzniazyczliwosci.pl\/?page_id=363","title":{"rendered":"Z biegiem lat \u2013 nasza \u015bcie\u017cka \u017cyczliwo\u015bci"},"content":{"rendered":"","protected":false},"excerpt":{"rendered":"","protected":false},"author":1,"featured_media":0,"parent":0,"menu_order":0,"comment_status":"closed","ping_status":"closed","template":"","meta":{"saved_in_kubio":true,"_uag_custom_page_level_css":"","neve_meta_sidebar":"","neve_meta_container":"","neve_meta_enable_content_width":"","neve_meta_content_width":0,"neve_meta_title_alignment":"","neve_meta_author_avatar":"","neve_post_elements_order":"","neve_meta_disable_header":"","neve_meta_disable_footer":"","neve_meta_disable_title":"","footnotes":""},"class_list":["post-363","page","type-page","status-publish","hentry"],"kubio_ai_page_context":{"short_desc":"","purpose":"general"},"uagb_featured_image_src":{"full":false,"thumbnail":false,"medium":false,"medium_large":false,"large":false,"1536x1536":false,"2048x2048":false,"kubio-fullhd":false,"neve-blog":false},"uagb_author_info":{"display_name":"Tomasz","author_link":"https:\/\/kuzniazyczliwosci.pl\/?author=1"},"uagb_comment_info":0,"uagb_excerpt":null,"_links":{"self":[{"href":"https:\/\/kuzniazyczliwosci.pl\/index.php?rest_route=\/wp\/v2\/pages\/363","targetHints":{"allow":["GET"]}}],"collection":[{"href":"https:\/\/kuzniazyczliwosci.pl\/index.php?rest_route=\/wp\/v2\/pages"}],"about":[{"href":"https:\/\/kuzniazyczliwosci.pl\/index.php?rest_route=\/wp\/v2\/types\/page"}],"author":[{"embeddable":true,"href":"https:\/\/kuzniazyczliwosci.pl\/index.php?rest_route=\/wp\/v2\/users\/1"}],"replies":[{"embeddable":true,"href":"https:\/\/kuzniazyczliwosci.pl\/index.php?rest_route=%2Fwp%2Fv2%2Fcomments&post=363"}],"version-history":[{"count":6,"href":"https:\/\/kuzniazyczliwosci.pl\/index.php?rest_route=\/wp\/v2\/pages\/363\/revisions"}],"predecessor-version":[{"id":504,"href":"https:\/\/kuzniazyczliwosci.pl\/index.php?rest_route=\/wp\/v2\/pages\/363\/revisions\/504"}],"wp:attachment":[{"href":"https:\/\/kuzniazyczliwosci.pl\/index.php?rest_route=%2Fwp%2Fv2%2Fmedia&parent=363"}],"curies":[{"name":"wp","href":"https:\/\/api.w.org\/{rel}","templated":true}]}}